{"id":10694,"date":"2026-02-10T16:17:15","date_gmt":"2026-02-10T14:17:15","guid":{"rendered":"https:\/\/festivalphilippon.gr\/kallitechniki-diefthynsi\/"},"modified":"2026-03-09T10:14:35","modified_gmt":"2026-03-09T08:14:35","slug":"kallitechniki-diefthynsi","status":"publish","type":"page","link":"https:\/\/festivalphilippon.gr\/en\/kallitechniki-diefthynsi\/","title":{"rendered":"Artistic Direction"},"content":{"rendered":"\t\t<div data-elementor-type=\"wp-page\" data-elementor-id=\"10694\" class=\"elementor elementor-10694 elementor-10215\" data-elementor-post-type=\"page\">\n\t\t\t\t<div data-scroll-custom-offset=\"\" data-scroll-custom-duration=\"\" data-scroll-css-progress=\"\" data-scroll-class=\"locoscroll-animate\" data-scroll-entrance-animation=\"\" class=\"wolf-core-elementor-row wolf-core-font-dark elementor-element elementor-element-0b10248 wolf-core-font-dark e-flex e-con-boxed e-con e-parent\" data-font-skin=\"dark\" data-color-tone=\"\" data-id=\"0b10248\" data-element_type=\"container\" data-e-type=\"container\">\n\t\t\t\t\t<div class=\"e-con-inner\">\n\t\t\t\t<div class=\"elementor-element elementor-element-6e7d6c6 elementor-invisible elementor-widget elementor-widget-heading\" data-id=\"6e7d6c6\" data-element_type=\"widget\" data-e-type=\"widget\" data-settings=\"{&quot;_animation&quot;:&quot;fadeInDown&quot;}\" data-widget_type=\"heading.default\">\n\t\t\t\t\t<h1 class=\"elementor-heading-title elementor-size-default\">CURRENT ARTISTIC DIRECTION<\/h1>\t\t\t\t<\/div>\n\t\t\t\t<div class=\"elementor-element elementor-element-10edcf8 elementor-widget__width-initial elementor-widget-tablet__width-initial elementor-widget-mobile__width-inherit elementor-invisible elementor-widget elementor-widget-heading\" data-id=\"10edcf8\" data-element_type=\"widget\" data-e-type=\"widget\" data-settings=\"{&quot;_animation&quot;:&quot;wolfFadeInUp&quot;,&quot;_animation_delay&quot;:300}\" data-widget_type=\"heading.default\">\n\t\t\t\t\t<h2 class=\"elementor-heading-title elementor-size-default\">*In the absence of an Artistic Director at the Municipal Regional Theater of Kavala, which organizes the Philippi Festival, the artistic planning and implementation of the 69th Philippi Festival (2026) and the 10th Ancient Drama Workshop were entrusted to actress, director, and playwright Eva Oikonomou Vamvaka.<\/h2>\t\t\t\t<\/div>\n\t\t\t\t\t<\/div>\n\t\t\t\t<\/div>\n\t\t<div data-scroll-custom-offset=\"\" data-scroll-custom-duration=\"\" data-scroll-css-progress=\"\" data-scroll-class=\"locoscroll-animate\" data-scroll-entrance-animation=\"\" class=\"wolf-core-elementor-row wolf-core-font- elementor-element elementor-element-18deadb e-flex e-con-boxed e-con e-parent\" data-font-skin=\"\" data-color-tone=\"\" data-id=\"18deadb\" data-element_type=\"container\" data-e-type=\"container\">\n\t\t\t\t\t<div class=\"e-con-inner\">\n\t\t\t\t<div class=\"elementor-element elementor-element-8aecadd elementor-invisible elementor-widget elementor-widget-heading\" data-id=\"8aecadd\" data-element_type=\"widget\" data-e-type=\"widget\" data-settings=\"{&quot;_animation&quot;:&quot;fadeInDown&quot;,&quot;_animation_delay&quot;:500}\" data-widget_type=\"heading.default\">\n\t\t\t\t\t<h3 class=\"elementor-heading-title elementor-size-default\">BIOGRAPHICAL NOTE<\/h3>\t\t\t\t<\/div>\n\t\t<div data-scroll-custom-offset=\"\" data-scroll-custom-duration=\"\" data-scroll-css-progress=\"\" data-scroll-class=\"locoscroll-animate\" data-scroll-entrance-animation=\"\" class=\"wolf-core-elementor-row wolf-core-font- elementor-element elementor-element-dc9b335 e-con-full e-flex e-con e-child\" data-font-skin=\"\" data-color-tone=\"\" data-id=\"dc9b335\" data-element_type=\"container\" data-e-type=\"container\">\n\t\t<div data-scroll-custom-offset=\"\" data-scroll-custom-duration=\"\" data-scroll-css-progress=\"\" data-scroll-class=\"locoscroll-animate\" data-scroll-entrance-animation=\"\" class=\"wolf-core-elementor-row wolf-core-font- elementor-element elementor-element-f4b0ea0 e-con-full e-flex e-con e-child\" data-font-skin=\"\" data-color-tone=\"\" data-id=\"f4b0ea0\" data-element_type=\"container\" data-e-type=\"container\">\n\t\t\t\t<div class=\" elementor-element elementor-element-fae8ae3 elementor-widget-laptop__width-inherit elementor-invisible elementor-widget elementor-widget-text-editor\" data-id=\"fae8ae3\" data-element_type=\"widget\" data-e-type=\"widget\" data-settings=\"{&quot;_animation&quot;:&quot;uncoverXLeft&quot;,&quot;_animation_delay&quot;:500}\" data-widget_type=\"text-editor.default\">\n\t\t\t\t\t\t\t\t\t<p>Eva Oikonomou-Vamvaka was born in Kavala. She studied at the Athens Law School (where she obtained a degree and two master&#8217;s degrees in Sociology of Law and Civil Law) and at the Karolos Koun School of Theater Arts. In 2020, she attended an intensive filmmaking program at the historic FAMU university in Prague. In September 2025, she was accepted into the master&#8217;s program &#8220;Creative Writing, Theater &amp; Cultural Industries&#8221; at the Department of Theater Studies at the University of the Peloponnese.<\/p><p>She began working as an actress in 2007, when, as a second-year student, she appeared at the Underground Theater of the Art Theater alongside I. Logothetis in the play &#8220;The Sin of My Mother&#8221; by G. Vizyinos, directed by K. Kapelonis. Since then, she has collaborated with the country&#8217;s largest theaters (National Theater, State Theater of Northern Greece, Onassis Foundation, Athens and Epidaurus Festival, National Opera, Karolos Koun Art Theater, Porta Theater, etc.).<\/p><p>In recent years, she has been working mainly as a director\/writer, collaborating with major organizations in Greece (Philippi-Thasos Festival, Karolos Koun Art Theater, D.I.P.E.TH.E., D.I.P.E.TH.E. Serres) and abroad (Nuovo Teatro Sanita, Naples, Italy, Paisaje P\u00fablico, Santiago, Chile). In particular, her play #Miameraxwris has been staged by many other groups in Greece and Cyprus, taking part in various Teenage Theater Festivals.<\/p>\t\t\t\t\t\t\t\t<\/div>\n\t\t\t\t<\/div>\n\t\t<div data-scroll-custom-offset=\"\" data-scroll-custom-duration=\"\" data-scroll-css-progress=\"\" data-scroll-class=\"locoscroll-animate\" data-scroll-entrance-animation=\"\" class=\"wolf-core-elementor-row wolf-core-font- elementor-element elementor-element-6e024bd e-con-full e-flex e-con e-child\" data-font-skin=\"\" data-color-tone=\"\" data-id=\"6e024bd\" data-element_type=\"container\" data-e-type=\"container\">\n\t\t\t\t<div class=\" elementor-element elementor-element-cacd00a elementor-widget-laptop__width-inherit elementor-invisible elementor-widget elementor-widget-text-editor\" data-id=\"cacd00a\" data-element_type=\"widget\" data-e-type=\"widget\" data-settings=\"{&quot;_animation&quot;:&quot;uncoverXLeft&quot;,&quot;_animation_delay&quot;:500}\" data-widget_type=\"text-editor.default\">\n\t\t\t\t\t\t\t\t\t<p>From 2016 to 2022, she was a member of the teaching staff at the Higher Drama School of the Art Theater, teaching &#8220;principles of physical theater.&#8221; During 2019-2020, she volunteered to teach theater education and principles of physical theater to a group of addicted teenagers at KETHEA.<\/p><p>In 2021, she was accepted into the international residency for young creators, &#8220;R-evolution Project,&#8221; in which she collaborated for two years with other artists from around the world to create a multidisciplinary show. Between 2022 and 2023, she participated as a new director\/writer in the Creative Europe program &#8220;Jeune Th\u00e9\u00e2tre Europ\u00e9en Jeunes Publics,&#8221; which focuses on the creation of original multilingual works for children and adolescents. The result of this participation was the show &#8220;Borderline,&#8221; which she directed in June 2023 at the Municipal Theater of Piraeus (Omega stage).<\/p><p>In December 2022, she was elected artistic director of the Municipal Theater of Kavala and the Philippi Festival.<\/p>\t\t\t\t\t\t\t\t<\/div>\n\t\t\t\t<\/div>\n\t\t<div data-scroll-custom-offset=\"\" data-scroll-custom-duration=\"\" data-scroll-css-progress=\"\" data-scroll-class=\"locoscroll-animate\" data-scroll-entrance-animation=\"\" class=\"wolf-core-elementor-row wolf-core-font- elementor-element elementor-element-1909f79 e-con-full e-flex e-con e-child\" data-font-skin=\"\" data-color-tone=\"\" data-id=\"1909f79\" data-element_type=\"container\" data-e-type=\"container\">\n\t\t\t\t<div class=\" elementor-element elementor-element-d2fcac0 elementor-invisible elementor-widget elementor-widget-image\" data-id=\"d2fcac0\" data-element_type=\"widget\" data-e-type=\"widget\" data-settings=\"{&quot;_animation&quot;:&quot;uncoverXLeft&quot;}\" data-widget_type=\"image.default\">\n\t\t\t\t\t\t\t\t\t\t\t\t\t\t\t<img fetchpriority=\"high\" decoding=\"async\" width=\"1200\" height=\"800\" src=\"https:\/\/festivalphilippon.gr\/wp-content\/uploads\/2026\/02\/festival-philippon-vamvaka.jpg\" class=\"attachment-full size-full wp-image-10696\" alt=\"\" srcset=\"https:\/\/festivalphilippon.gr\/wp-content\/uploads\/2026\/02\/festival-philippon-vamvaka.jpg 1200w, https:\/\/festivalphilippon.gr\/wp-content\/uploads\/2026\/02\/festival-philippon-vamvaka-300x200.jpg 300w, https:\/\/festivalphilippon.gr\/wp-content\/uploads\/2026\/02\/festival-philippon-vamvaka-1024x683.jpg 1024w, https:\/\/festivalphilippon.gr\/wp-content\/uploads\/2026\/02\/festival-philippon-vamvaka-768x512.jpg 768w, https:\/\/festivalphilippon.gr\/wp-content\/uploads\/2026\/02\/festival-philippon-vamvaka-500x333.jpg 500w, https:\/\/festivalphilippon.gr\/wp-content\/uploads\/2026\/02\/festival-philippon-vamvaka-550x367.jpg 550w, https:\/\/festivalphilippon.gr\/wp-content\/uploads\/2026\/02\/festival-philippon-vamvaka-400x267.jpg 400w\" sizes=\"(max-width: 1200px) 100vw, 1200px\" \/>\t\t\t\t\t\t\t\t\t\t\t\t\t\t\t<\/div>\n\t\t\t\t<\/div>\n\t\t\t\t<\/div>\n\t\t\t\t<div class=\"elementor-element elementor-element-f75eb76 elementor-widget__width-initial elementor-widget-tablet__width-inherit elementor-invisible elementor-widget elementor-widget-heading\" data-id=\"f75eb76\" data-element_type=\"widget\" data-e-type=\"widget\" data-settings=\"{&quot;_animation&quot;:&quot;fadeInDown&quot;,&quot;_animation_delay&quot;:500}\" data-widget_type=\"heading.default\">\n\t\t\t\t\t<h3 class=\"elementor-heading-title elementor-size-default\">PREVIOUS ARTISTIC DIRECTORS OF THE PHILIPPI FESTIVAL\n<\/h3>\t\t\t\t<\/div>\n\t\t<div data-scroll-custom-offset=\"\" data-scroll-custom-duration=\"\" data-scroll-css-progress=\"\" data-scroll-class=\"locoscroll-animate\" data-scroll-entrance-animation=\"\" class=\"wolf-core-elementor-row wolf-core-font- elementor-element elementor-element-7d49770 e-con-full e-flex e-con e-child\" data-font-skin=\"\" data-color-tone=\"\" data-id=\"7d49770\" data-element_type=\"container\" data-e-type=\"container\">\n\t\t<div data-scroll-custom-offset=\"\" data-scroll-custom-duration=\"\" data-scroll-css-progress=\"\" data-scroll-class=\"locoscroll-animate\" data-scroll-entrance-animation=\"\" class=\"wolf-core-elementor-row wolf-core-font- elementor-element elementor-element-80a1db2 e-con-full e-flex e-con e-child\" data-font-skin=\"\" data-color-tone=\"\" data-id=\"80a1db2\" data-element_type=\"container\" data-e-type=\"container\">\n\t\t\t\t<div class=\" elementor-element elementor-element-a7dcb25 elementor-widget-laptop__width-inherit elementor-invisible elementor-widget elementor-widget-text-editor\" data-id=\"a7dcb25\" data-element_type=\"widget\" data-e-type=\"widget\" data-settings=\"{&quot;_animation&quot;:&quot;uncoverXLeft&quot;,&quot;_animation_delay&quot;:500}\" data-widget_type=\"text-editor.default\">\n\t\t\t\t\t\t\t\t\t<p><strong>George Siskos<\/strong> | 2000 \u2013 2002<\/p><p><strong>Dimitris Ioannou<\/strong> | 2003 \u2013 2008<\/p><p><strong>Thodoris Gonis<\/strong> | 2009 &#8211; 2022<\/p><p><strong>Eva Oikonomou \u2013 Vamvak<\/strong>a | 2023 &#8211; 2025<\/p>\t\t\t\t\t\t\t\t<\/div>\n\t\t\t\t<\/div>\n\t\t<div data-scroll-custom-offset=\"\" data-scroll-custom-duration=\"\" data-scroll-css-progress=\"\" data-scroll-class=\"locoscroll-animate\" data-scroll-entrance-animation=\"\" class=\"wolf-core-elementor-row wolf-core-font- elementor-element elementor-element-293905a e-con-full e-flex e-con e-child\" data-font-skin=\"\" data-color-tone=\"\" data-id=\"293905a\" data-element_type=\"container\" data-e-type=\"container\">\n\t\t\t\t<\/div>\n\t\t<div data-scroll-custom-offset=\"\" data-scroll-custom-duration=\"\" data-scroll-css-progress=\"\" data-scroll-class=\"locoscroll-animate\" data-scroll-entrance-animation=\"\" class=\"wolf-core-elementor-row wolf-core-font- elementor-element elementor-element-0dd6952 e-con-full e-flex e-con e-child\" data-font-skin=\"\" data-color-tone=\"\" data-id=\"0dd6952\" data-element_type=\"container\" data-e-type=\"container\">\n\t\t\t\t<\/div>\n\t\t\t\t<\/div>\n\t\t\t\t\t<\/div>\n\t\t\t\t<\/div>\n\t\t\t\t<\/div>\n\t\t","protected":false},"excerpt":{"rendered":"<p>CURRENT ARTISTIC DIRECTION *In the absence of an Artistic Director at the Municipal Regional Theater of Kavala, which organizes the Philippi Festival, the artistic planning and implementation of the 69th Philippi Festival (2026) and the 10th Ancient Drama Workshop were entrusted to actress, director, and playwright Eva Oikonomou Vamvaka. BIOGRAPHICAL NOTE Eva Oikonomou-Vamvaka was born&#8230;<\/p>\n<p><a rel=\"bookmark\" class=\"theme-button-text wolf-core-button wolf-core-button-size-md\" href=\"https:\/\/festivalphilippon.gr\/en\/kallitechniki-diefthynsi\/\"><span>Continue reading<\/span><\/a><\/p>\n","protected":false},"author":1,"featured_media":0,"parent":0,"menu_order":0,"comment_status":"closed","ping_status":"closed","template":"","meta":{"_acf_changed":false,"footnotes":""},"class_list":{"0":"post-10694","1":"page","2":"type-page","3":"status-publish","4":"hentry","5":"entry","6":"clearfix","7":"entry-grid","8":"entry-columns-default","9":"entry-page-module-layout-standard","10":"no-post-thumbnail","11":"entry-page","13":"entry-page-grid"},"acf":[],"_links":{"self":[{"href":"https:\/\/festivalphilippon.gr\/en\/wp-json\/wp\/v2\/pages\/10694","targetHints":{"allow":["GET"]}}],"collection":[{"href":"https:\/\/festivalphilippon.gr\/en\/wp-json\/wp\/v2\/pages"}],"about":[{"href":"https:\/\/festivalphilippon.gr\/en\/wp-json\/wp\/v2\/types\/page"}],"author":[{"embeddable":true,"href":"https:\/\/festivalphilippon.gr\/en\/wp-json\/wp\/v2\/users\/1"}],"replies":[{"embeddable":true,"href":"https:\/\/festivalphilippon.gr\/en\/wp-json\/wp\/v2\/comments?post=10694"}],"version-history":[{"count":7,"href":"https:\/\/festivalphilippon.gr\/en\/wp-json\/wp\/v2\/pages\/10694\/revisions"}],"predecessor-version":[{"id":11036,"href":"https:\/\/festivalphilippon.gr\/en\/wp-json\/wp\/v2\/pages\/10694\/revisions\/11036"}],"wp:attachment":[{"href":"https:\/\/festivalphilippon.gr\/en\/wp-json\/wp\/v2\/media?parent=10694"}],"curies":[{"name":"wp","href":"https:\/\/api.w.org\/{rel}","templated":true}]}}